{"id":1829,"date":"2022-02-03T10:43:17","date_gmt":"2022-02-03T09:43:17","guid":{"rendered":"http:\/\/yanh.pl\/dev\/srbnp\/?page_id=1829"},"modified":"2022-12-19T18:02:37","modified_gmt":"2022-12-19T17:02:37","slug":"o-projekcie","status":"publish","type":"page","link":"https:\/\/dziedzictwopolonii.pl\/portal\/o-projekcie\/","title":{"rendered":"O PROJEKCIE"},"content":{"rendered":"<div class=\"pdfprnt-buttons pdfprnt-buttons-page pdfprnt-top-right\"><a href=\"https:\/\/dziedzictwopolonii.pl\/portal\/wp-json\/wp\/v2\/pages\/1829?print=pdf\" class=\"pdfprnt-button pdfprnt-button-pdf\" target=\"_blank\"><img decoding=\"async\" src=\"http:\/\/dziedzictwopolonii.pl\/portal\/wp-content\/plugins\/pdf-print\/images\/pdf.png\" alt=\"image_pdf\" title=\"Download PDF\" \/><span class=\"pdfprnt-button-title pdfprnt-button-pdf-title\">POBIERZ PDF<\/span><\/a><a href=\"https:\/\/dziedzictwopolonii.pl\/portal\/wp-json\/wp\/v2\/pages\/1829?print=print\" class=\"pdfprnt-button pdfprnt-button-print\" target=\"_blank\"><img decoding=\"async\" src=\"http:\/\/dziedzictwopolonii.pl\/portal\/wp-content\/plugins\/pdf-print\/images\/print.png\" alt=\"image_print\" title=\"Print Content\" \/><\/a><\/div><p><em>Portal Dziedzictwa Kulturowego Polak\u00f3w w \u015bwiecie<\/em> przyczyni\u0107 si\u0119 ma do upowszechnienia i utrwalenia wiedzy na temat dziedzictwa kulturowego Polonii i Polak\u00f3w zagranic\u0105 zar\u00f3wno w Polsce, jak i poza granicami naszego kraju.<\/p>\n<p>Cel zasadniczy projektu stanowi ch\u0119\u0107 umocnienia dobrego imienia i wizerunku Polski w \u015bwiecie poprzez propagowanie i upowszechnianie wiedzy na temat \u015bwiatowego dorobku Polak\u00f3w \u017cyj\u0105cych poza krajem\u00a0 (m. in. naukowc\u00f3w, lekarzy, konstruktor\u00f3w, architekt\u00f3w, artyst\u00f3w, filmowc\u00f3w, os\u00f3b duchownych, in\u017cynier\u00f3w, dzia\u0142aczy spo\u0142ecznych i politycznych) i spu\u015bcizny kulturowej Polonii i Polak\u00f3w \u017cyj\u0105cych poza Polsk\u0105.<\/p>\n","protected":false},"excerpt":{"rendered":"<p>Portal Dziedzictwa Kulturowego Polak\u00f3w w \u015bwiecie przyczyni\u0107 si\u0119 ma do upowszechnienia i utrwalenia wiedzy na temat dziedzictwa kulturowego Polonii i Polak\u00f3w zagranic\u0105 zar\u00f3wno w Polsce, jak i poza granicami naszego kraju. Cel zasadniczy projektu stanowi ch\u0119\u0107 umocnienia dobrego imienia i wizerunku Polski w \u015bwiecie poprzez propagowanie i upowszechnianie wiedzy na temat \u015bwiatowego dorobku Polak\u00f3w [&hellip;]<\/p>\n","protected":false},"author":1,"featured_media":0,"parent":0,"menu_order":0,"comment_status":"closed","ping_status":"closed","template":"template-full-width.php","meta":{"_mi_skip_tracking":false,"footnotes":""},"class_list":["post-1829","page","type-page","status-publish","hentry"],"_links":{"self":[{"href":"https:\/\/dziedzictwopolonii.pl\/portal\/wp-json\/wp\/v2\/pages\/1829","targetHints":{"allow":["GET"]}}],"collection":[{"href":"https:\/\/dziedzictwopolonii.pl\/portal\/wp-json\/wp\/v2\/pages"}],"about":[{"href":"https:\/\/dziedzictwopolonii.pl\/portal\/wp-json\/wp\/v2\/types\/page"}],"author":[{"embeddable":true,"href":"https:\/\/dziedzictwopolonii.pl\/portal\/wp-json\/wp\/v2\/users\/1"}],"replies":[{"embeddable":true,"href":"https:\/\/dziedzictwopolonii.pl\/portal\/wp-json\/wp\/v2\/comments?post=1829"}],"version-history":[{"count":5,"href":"https:\/\/dziedzictwopolonii.pl\/portal\/wp-json\/wp\/v2\/pages\/1829\/revisions"}],"predecessor-version":[{"id":2259,"href":"https:\/\/dziedzictwopolonii.pl\/portal\/wp-json\/wp\/v2\/pages\/1829\/revisions\/2259"}],"wp:attachment":[{"href":"https:\/\/dziedzictwopolonii.pl\/portal\/wp-json\/wp\/v2\/media?parent=1829"}],"curies":[{"name":"wp","href":"https:\/\/api.w.org\/{rel}","templated":true}]}}